{"id":8074,"date":"2024-09-27T18:33:47","date_gmt":"2024-09-27T09:33:47","guid":{"rendered":"https:\/\/www.cog.inc\/enve\/?post_type=product&#038;p=8074"},"modified":"2026-01-08T13:49:14","modified_gmt":"2026-01-08T04:49:14","slug":"in-route-high-rise-stem","status":"publish","type":"product","link":"https:\/\/www.cog.inc\/enve\/product\/in-route-high-rise-stem","title":{"rendered":"IN-ROUTE HIGH RISE STEM<h6>\u30a4\u30f3\u30eb\u30fc\u30c8 \u30cf\u30a4\u30e9\u30a4\u30ba \u30b9\u30c6\u30e0<\/h6>"},"content":{"rendered":"<dl class=\"block-goods-comment2\">\n<dd>\u30a8\u30a2\u30ed\u30ed\u30fc\u30c9\u30b9\u30c6\u30e0\u306e\u3001IN-ROUTE SYSTEM\u5bfe\u5fdc\u30e2\u30c7\u30eb\u3002+12\u5ea6\u306e\u30a2\u30c3\u30d7\u30e9\u30a4\u30ba\u3002<br \/>\u4f7f\u7528\u3059\u308b\u30b3\u30f3\u30dd\u30fc\u30cd\u30f3\u30c8\u306b\u5236\u9650\u3055\u308c\u305a\u3001\u30d6\u30ec\u30fc\u30ad\u30db\u30fc\u30b9\u30fb\u30ef\u30a4\u30e4\u30fc\u985e\u3092\u53ce\u7d0d\u3067\u304d\u308b\u5b9f\u7528\u7684\u3067\u30e6\u30fc\u30b6\u30fc\u30d5\u30ec\u30f3\u30c9\u30ea\u30fc\u306a\u30b7\u30b9\u30c6\u30e0\u3002<\/dd>\n<\/dl>\n<h3>\u00a0<\/h3>\n<h4><strong>\u3010\u6ce8\u610f\u3011\u5c02\u2f64\u306e\u30d8\u30c3\u30c9\u30bb\u30c3\u30c8\u30ab\u30d0\u30fc\u304c\u306a\u3044\u3068<\/strong><strong>\u3001<\/strong><strong>\u30a4\u30f3\u30eb\u30fc\u30c8\u3067\u306f\u4f7f\u2f64\u3067\u304d\u307e\u305b\u3093\u3002ENVE In-Route\u5bfe\u5fdc\u306e\u30d8\u30c3\u30c9\u30bb\u30c3\u30c8\u3092\u4f7f\u2f64\u3057\u3066\u3044\u308b\u5fc5\u8981\u304c\u3042\u308a\u307e\u3059\u3002<\/strong><\/h4>\n<p><strong>\u25a02024\u5e7410\u6708\u73fe\u5728 \u4f7f\u7528\u53ef\u80fd\u30e2\u30c7\u30eb<\/strong><\/p>\n<p>\u30fbENVE BIKE<br \/>\u30fbChris King AeroSet 3<br \/>\u30fbENVE IN ROUTE<br \/>\u30fbColnago V4RS\uff08\u5225\u58f2\u30ab\u30d0\u30fc\u5fc5\u8981\uff09<\/p>\n<h4><strong>2025\/3\/14 \u30a4\u30f3\u30eb\u30fc\u30c8\u30d9\u30a2\u30ea\u30f3\u30b0\u30ab\u30d0\u30fc\u5bfe\u5fdc\u30d5\u30ec\u30fc\u30e0\u8ffd\u52a0\u60c5\u5831<\/strong><\/h4>\n<p>\u30fbCOLNAGO V4RS<br \/>\u30fbSPECIALIZED SL7\/SL8<br \/>\u30fbPINARELLO\u00a0TiCR<\/p>\n<h4><strong>2025\/12\/19 <\/strong><strong>\u30a4\u30f3\u30eb\u30fc\u30c8\u30d9\u30a2\u30ea\u30f3\u30b0\u30ab\u30d0\u30fc<\/strong><strong>\u5bfe\u5fdc\u30d5\u30ec\u30fc\u30e0\u8ffd\u52a0\u60c5\u5831<\/strong><\/h4>\n<p>\u30fbCOLNAGO V5RS<br \/>\u30fbTrek\uff08RCS Headset System\uff09\uff1aMadone Gen 8 \/ Checkmate SLR \/ Checkpoint SL Gen 3<br \/>\u30fbCervelo\uff1aCerv\u00e9lo R5(2022~), Soloist(2023~),\u00c1spero-5, \u00c1spero<\/p>\n<p>\u00a0<\/p>\n<div class=\"slider-wrapper relative\" id=\"slider-1508627947\" >\n    <div class=\"slider slider-nav-circle slider-nav-large slider-nav-light slider-style-normal\"\n        data-flickity-options='{\n            \"cellAlign\": \"center\",\n            \"imagesLoaded\": true,\n            \"lazyLoad\": 1,\n            \"freeScroll\": false,\n            \"wrapAround\": true,\n            \"autoPlay\": 6000,\n            \"pauseAutoPlayOnHover\" : true,\n            \"prevNextButtons\": true,\n            \"contain\" : true,\n            \"adaptiveHeight\" : true,\n            \"dragThreshold\" : 10,\n            \"percentPosition\": true,\n            \"pageDots\": true,\n            \"rightToLeft\": false,\n            \"draggable\": true,\n            \"selectedAttraction\": 0.1,\n            \"parallax\" : 0,\n            \"friction\": 0.6        }'\n        >\n        \n\t<div class=\"img has-hover x md-x lg-x y md-y lg-y\" id=\"image_622827579\">\n\t\t\t\t\t\t\t\t<div class=\"img-inner dark\" >\n\t\t\t<img loading=\"lazy\" decoding=\"async\" width=\"1020\" height=\"680\" src=\"https:\/\/image.cog.inc\/enve\/wp-content\/uploads\/2024\/09\/ENV1505-1200x800.jpg\" class=\"attachment-large size-large\" alt=\"\" srcset=\"https:\/\/image.cog.inc\/enve\/wp-content\/uploads\/2024\/09\/ENV1505-1200x800.jpg 1200w, https:\/\/image.cog.inc\/enve\/wp-content\/uploads\/2024\/09\/ENV1505-600x400.jpg 600w, https:\/\/image.cog.inc\/enve\/wp-content\/uploads\/2024\/09\/ENV1505-768x512.jpg 768w, https:\/\/image.cog.inc\/enve\/wp-content\/uploads\/2024\/09\/ENV1505-1536x1024.jpg 1536w, https:\/\/image.cog.inc\/enve\/wp-content\/uploads\/2024\/09\/ENV1505-1320x880.jpg 1320w, https:\/\/image.cog.inc\/enve\/wp-content\/uploads\/2024\/09\/ENV1505.jpg 1920w\" sizes=\"auto, (max-width: 1020px) 100vw, 1020px\" \/>\t\t\t\t\t\t\n\t\t\t\t\t<\/div>\n\t\t\t\t\t\t\t\t\n<style>\n#image_622827579 {\n  width: 100%;\n}\n<\/style>\n\t<\/div>\n\t\n\t<div class=\"img has-hover x md-x lg-x y md-y lg-y\" id=\"image_1388299763\">\n\t\t\t\t\t\t\t\t<div class=\"img-inner dark\" >\n\t\t\t<img loading=\"lazy\" decoding=\"async\" width=\"1020\" height=\"680\" src=\"https:\/\/image.cog.inc\/enve\/wp-content\/uploads\/2024\/09\/ENV1453-1200x800.jpg\" class=\"attachment-large size-large\" alt=\"\" srcset=\"https:\/\/image.cog.inc\/enve\/wp-content\/uploads\/2024\/09\/ENV1453-1200x800.jpg 1200w, https:\/\/image.cog.inc\/enve\/wp-content\/uploads\/2024\/09\/ENV1453-600x400.jpg 600w, https:\/\/image.cog.inc\/enve\/wp-content\/uploads\/2024\/09\/ENV1453-768x512.jpg 768w, https:\/\/image.cog.inc\/enve\/wp-content\/uploads\/2024\/09\/ENV1453-1536x1024.jpg 1536w, https:\/\/image.cog.inc\/enve\/wp-content\/uploads\/2024\/09\/ENV1453-1320x880.jpg 1320w, https:\/\/image.cog.inc\/enve\/wp-content\/uploads\/2024\/09\/ENV1453.jpg 1920w\" sizes=\"auto, (max-width: 1020px) 100vw, 1020px\" \/>\t\t\t\t\t\t\n\t\t\t\t\t<\/div>\n\t\t\t\t\t\t\t\t\n<style>\n#image_1388299763 {\n  width: 100%;\n}\n<\/style>\n\t<\/div>\n\t\n\t<div class=\"img has-hover x md-x lg-x y md-y lg-y\" id=\"image_97166286\">\n\t\t\t\t\t\t\t\t<div class=\"img-inner dark\" >\n\t\t\t<img loading=\"lazy\" decoding=\"async\" width=\"1020\" height=\"583\" src=\"https:\/\/image.cog.inc\/enve\/wp-content\/uploads\/2024\/09\/ENV-In-Route-5.jpg\" class=\"attachment-large size-large\" alt=\"\" srcset=\"https:\/\/image.cog.inc\/enve\/wp-content\/uploads\/2024\/09\/ENV-In-Route-5.jpg 1400w, https:\/\/image.cog.inc\/enve\/wp-content\/uploads\/2024\/09\/ENV-In-Route-5-700x400.jpg 700w, https:\/\/image.cog.inc\/enve\/wp-content\/uploads\/2024\/09\/ENV-In-Route-5-768x439.jpg 768w, https:\/\/image.cog.inc\/enve\/wp-content\/uploads\/2024\/09\/ENV-In-Route-5-1320x754.jpg 1320w, https:\/\/image.cog.inc\/enve\/wp-content\/uploads\/2024\/09\/ENV-In-Route-5-600x343.jpg 600w, https:\/\/image.cog.inc\/enve\/wp-content\/uploads\/2024\/09\/ENV-In-Route-5-1200x686.jpg 1200w\" sizes=\"auto, (max-width: 1020px) 100vw, 1020px\" \/>\t\t\t\t\t\t\n\t\t\t\t\t<\/div>\n\t\t\t\t\t\t\t\t\n<style>\n#image_97166286 {\n  width: 100%;\n}\n<\/style>\n\t<\/div>\n\t\n     <\/div>\n\n     <div class=\"loading-spin dark large centered\"><\/div>\n\n\t<\/div>\n\n\n\t<div id=\"gap-1079629438\" class=\"gap-element clearfix\" style=\"display:block; height:auto;\">\n\t\t\n<style>\n#gap-1079629438 {\n  padding-top: 30px;\n}\n<\/style>\n\t<\/div>\n\t\n<table style=\"width: 91.5482%; height: 396px;\" width=\"490\">\n<tbody>\n<tr style=\"height: 21px;\">\n<td style=\"height: 21px;\"><strong>\u7d20\u6750<\/strong><\/td>\n<td style=\"height: 21px;\" colspan=\"4\" width=\"268\">\u30ab\u30fc\u30dc\u30f3<\/td>\n<\/tr>\n<tr style=\"height: 21px;\">\n<td style=\"height: 143px;\" rowspan=\"6\" width=\"222\"><strong>\u9577\u3055 &#8211; \u30ea\u30fc\u30c1 &#8211; \u30b9\u30bf\u30c3\u30af &#8211; \u91cd\u91cf<\/strong><\/td>\n<td style=\"height: 21px;\">\u9577\u3055<\/td>\n<td style=\"height: 21px;\">\u30ea\u30fc\u30c1<\/td>\n<td style=\"height: 21px;\">\u30b9\u30bf\u30c3\u30af<\/td>\n<td style=\"height: 21px;\">\u91cd\u91cf<\/td>\n<\/tr>\n<tr style=\"height: 21px;\">\n<td style=\"height: 21px;\">80mm<\/td>\n<td style=\"height: 21px;\">77.3<\/td>\n<td style=\"height: 21px;\">43.5<\/td>\n<td style=\"height: 21px;\">175g<\/td>\n<\/tr>\n<tr style=\"height: 17px;\">\n<td style=\"height: 17px;\">90mm<\/td>\n<td style=\"height: 17px;\">87.3<\/td>\n<td style=\"height: 17px;\">44.9<\/td>\n<td style=\"height: 17px;\">173g<\/td>\n<\/tr>\n<tr style=\"height: 21px;\">\n<td style=\"height: 21px;\">100mm<\/td>\n<td style=\"height: 21px;\">97.3<\/td>\n<td style=\"height: 21px;\">46.2<\/td>\n<td style=\"height: 21px;\">179g<\/td>\n<\/tr>\n<tr style=\"height: 21px;\">\n<td style=\"height: 21px;\">110mm<\/td>\n<td style=\"height: 21px;\">107.3<\/td>\n<td style=\"height: 21px;\">47.3<\/td>\n<td style=\"height: 21px;\">185g<\/td>\n<\/tr>\n<tr style=\"height: 21px;\">\n<td style=\"height: 21px;\">120mm<\/td>\n<td style=\"height: 21px;\">117.3<\/td>\n<td style=\"height: 21px;\">48.2<\/td>\n<td style=\"height: 21px;\">188g<\/td>\n<\/tr>\n<tr style=\"height: 21px;\">\n<td style=\"height: 21px;\"><strong>\u30e9\u30a4\u30ba<\/strong><\/td>\n<td style=\"height: 21px;\" colspan=\"4\" width=\"268\">+12<\/td>\n<\/tr>\n<tr style=\"height: 21px;\">\n<td style=\"height: 21px;\"><strong>\u30af\u30e9\u30f3\u30d7\u5f84<\/strong><\/td>\n<td style=\"height: 21px;\" colspan=\"4\" width=\"268\">31.8mm<\/td>\n<\/tr>\n<tr style=\"height: 21px;\">\n<td style=\"height: 21px;\"><strong>\u30b9\u30c6\u30a2\u30c1\u30e5\u30fc\u30d6\u7cfb<\/strong><\/td>\n<td style=\"height: 21px;\" colspan=\"4\" width=\"268\">1 1\/8&#8243;<\/td>\n<\/tr>\n<tr style=\"height: 21px;\">\n<td style=\"height: 21px;\"><b>\u30d5\u30a7\u30a4\u30b9\u30d7\u30ec\u30fc\u30c8\u7d20\u6750<\/b><\/td>\n<td style=\"height: 21px;\" colspan=\"4\" width=\"268\">\u30a2\u30eb\u30df\u30cb\u30a6\u30e0<\/td>\n<\/tr>\n<tr style=\"height: 21px;\">\n<td style=\"height: 21px;\"><strong>\u30cf\u30fc\u30c9\u30a6\u30a7\u30a2\u7d20\u6750<\/strong><\/td>\n<td style=\"height: 21px;\" colspan=\"4\" width=\"268\">\u30c1\u30bf\u30cb\u30a6\u30e0<\/td>\n<\/tr>\n<tr style=\"height: 21px;\">\n<td style=\"height: 21px;\"><strong>\u7de0\u4ed8\u3051\u30c8\u30eb\u30af: \u30d5\u30a7\u30a4\u30b9\u30d7\u30ec\u30fc\u30c8<\/strong><\/td>\n<td style=\"height: 21px;\" colspan=\"4\" width=\"268\">6Nm<\/td>\n<\/tr>\n<tr style=\"height: 21px;\">\n<td style=\"height: 21px;\"><strong>\u7de0\u4ed8\u3051\u30c8\u30eb\u30af: \u30b9\u30c6\u30a2\u30c1\u30e5\u30fc\u30d6<\/strong><\/td>\n<td style=\"height: 21px;\" colspan=\"4\" width=\"268\">6Nm<\/td>\n<\/tr>\n<tr style=\"height: 21px;\">\n<td style=\"height: 21px;\"><strong>\u30b1\u30fc\u30d6\u30eb\u30eb\u30fc\u30c6\u30a3\u30f3\u30b0<\/strong><\/td>\n<td style=\"height: 21px;\" colspan=\"4\" width=\"268\">IN-Route System<\/td>\n<\/tr>\n<tr style=\"height: 43px;\">\n<td style=\"height: 43px;\"><strong>\u30b3\u30f3\u30d4\u30e5\u30fc\u30bf\u30fc\u30de\u30a6\u30f3\u30c8<\/strong><\/td>\n<td style=\"height: 43px;\" colspan=\"4\" width=\"268\">ENVE K Edge Aero Road Computer Mount<\/td>\n<\/tr>\n<tr style=\"height: 21px;\">\n<td style=\"height: 21px;\"><strong>Max Spacer height<\/strong><\/td>\n<td style=\"height: 21px;\" colspan=\"4\" width=\"268\">40mm<\/td>\n<\/tr>\n<\/tbody>\n<\/table>\n\t<div id=\"gap-1780625033\" class=\"gap-element clearfix\" style=\"display:block; height:auto;\">\n\t\t\n<style>\n#gap-1780625033 {\n  padding-top: 30px;\n}\n<\/style>\n\t<\/div>\n\t\n\t<div id=\"gap-489745023\" class=\"gap-element clearfix\" style=\"display:block; height:auto;\">\n\t\t\n<style>\n#gap-489745023 {\n  padding-top: 30px;\n}\n<\/style>\n\t<\/div>\n\t\n\t<div id=\"gap-386800099\" class=\"gap-element clearfix\" style=\"display:block; height:auto;\">\n\t\t\n<style>\n#gap-386800099 {\n  padding-top: 30px;\n}\n<\/style>\n\t<\/div>\n\t\n<div class=\"container section-title-container\" ><h2 class=\"section-title section-title-center\"><b><\/b><span class=\"section-title-main\" style=\"font-size:150%;\">SUPPORT<\/span><b><\/b><\/h2><\/div>\n<div class=\"row\"  id=\"row-1269348779\">\n\n\t<div id=\"col-331964361\" class=\"col small-12 large-12\"  >\n\t\t\t\t<div class=\"col-inner text-center\"  >\n\t\t\t\n\t\t\t\n<a href=\"https:\/\/image.cog.inc\/enve\/wp-content\/uploads\/2024\/09\/ENVE-Integrated_Road_Stem-Installation_Instructions_RevC.pdf\" class=\"button primary is-outline\"  >\n\t\t<span>\u30a4\u30f3\u30b9\u30c8\u30fc\u30eb\u65b9\u6cd5\uff08PDF\uff09<\/span>\n\t<\/a>\n\n<a href=\"https:\/\/image.cog.inc\/enve\/wp-content\/uploads\/2024\/09\/ENVE_IntegratedComponents_RoutingGuide_Mechanical.pdf\" class=\"button primary is-outline\"  >\n\t\t<span>\u30b1\u30fc\u30d6\u30eb \u30eb\u30fc\u30c6\u30a3\u30f3\u30b0 \u30ac\u30a4\u30c9\uff08\u6a5f\u68b0\u5f0f\uff09\uff08PDF\uff09<\/span>\n\t<\/a>\n\n<a href=\"https:\/\/image.cog.inc\/enve\/wp-content\/uploads\/2024\/09\/ENVE_IntegratedComponents_RoutingGuide_Electronic.pdf\" class=\"button primary is-outline\"  >\n\t\t<span>\u30b1\u30fc\u30d6\u30eb \u30eb\u30fc\u30c6\u30a3\u30f3\u30b0 \u30ac\u30a4\u30c9\uff08\u96fb\u52d5\uff09\uff08PDF\uff09<\/span>\n\t<\/a>\n\n\t\t<\/div>\n\t\t\t\t\t<\/div>\n\n\t\n<\/div>\n","protected":false},"excerpt":{"rendered":"<p>\u30a8\u30a2\u30ed\u30ed\u30fc\u30c9\u30b9\u30c6\u30e0\u306e\u3001IN-ROUTE SYSTEM\u5bfe\u5fdc\u30e2\u30c7\u30eb<\/p>\n","protected":false},"featured_media":8080,"comment_status":"open","ping_status":"closed","template":"","meta":{"_acf_changed":false,"cybocfi_hide_featured_image":"","_links_to":"","_links_to_target":""},"product_brand":[],"product_cat":[136,74,83,85],"product_tag":[],"class_list":{"0":"post-8074","1":"product","2":"type-product","3":"status-publish","4":"has-post-thumbnail","6":"product_cat-stems","7":"product_cat-collections","8":"product_cat-road-collections","9":"product_cat-all-road","11":"first","12":"instock","13":"taxable","14":"shipping-taxable","15":"product-type-variable","16":"rtwpvg-product"},"acf":[],"yoast_head":"<!-- This site is optimized with the Yoast SEO plugin v26.5 - https:\/\/yoast.com\/wordpress\/plugins\/seo\/ -->\n<title>IN-ROUTE HIGH RISE STEM\u30a4\u30f3\u30eb\u30fc\u30c8 \u30cf\u30a4\u30e9\u30a4\u30ba \u30b9\u30c6\u30e0 | ENVE \u30a8\u30f3\u30f4\u30a3 \u65e5\u672c\u516c\u5f0f\u30b5\u30a4\u30c8 | \u30c0\u30a4\u30a2\u30c6\u30c3\u30af<\/title>\n<meta name=\"robots\" content=\"index, follow, max-snippet:-1, max-image-preview:large, max-video-preview:-1\" \/>\n<link rel=\"canonical\" href=\"https:\/\/www.cog.inc\/enve\/product\/in-route-high-rise-stem\" \/>\n<meta property=\"og:locale\" content=\"ja_JP\" \/>\n<meta property=\"og:type\" content=\"article\" \/>\n<meta property=\"og:title\" content=\"IN-ROUTE HIGH RISE STEM\u30a4\u30f3\u30eb\u30fc\u30c8 \u30cf\u30a4\u30e9\u30a4\u30ba \u30b9\u30c6\u30e0 | ENVE \u30a8\u30f3\u30f4\u30a3 \u65e5\u672c\u516c\u5f0f\u30b5\u30a4\u30c8 | \u30c0\u30a4\u30a2\u30c6\u30c3\u30af\" \/>\n<meta property=\"og:description\" content=\"\u30a8\u30a2\u30ed\u30ed\u30fc\u30c9\u30b9\u30c6\u30e0\u306e\u3001IN-ROUTE SYSTEM\u5bfe\u5fdc\u30e2\u30c7\u30eb\" \/>\n<meta property=\"og:url\" content=\"https:\/\/www.cog.inc\/enve\/product\/in-route-high-rise-stem\" \/>\n<meta property=\"og:site_name\" content=\"ENVE \u30a8\u30f3\u30f4\u30a3 \u65e5\u672c\u516c\u5f0f\u30b5\u30a4\u30c8 | \u30c0\u30a4\u30a2\u30c6\u30c3\u30af\" \/>\n<meta property=\"article:modified_time\" content=\"2026-01-08T04:49:14+00:00\" \/>\n<meta property=\"og:image\" content=\"https:\/\/image.cog.inc\/enve\/wp-content\/uploads\/2024\/09\/High_rise_stem1.jpg\" \/>\n\t<meta property=\"og:image:width\" content=\"1800\" \/>\n\t<meta property=\"og:image:height\" content=\"1012\" \/>\n\t<meta property=\"og:image:type\" content=\"image\/jpeg\" \/>\n<meta name=\"twitter:card\" content=\"summary_large_image\" \/>\n<meta name=\"twitter:label1\" content=\"\u63a8\u5b9a\u8aad\u307f\u53d6\u308a\u6642\u9593\" \/>\n\t<meta name=\"twitter:data1\" content=\"1\u5206\" \/>\n<script type=\"application\/ld+json\" class=\"yoast-schema-graph\">{\"@context\":\"https:\/\/schema.org\",\"@graph\":[{\"@type\":\"WebPage\",\"@id\":\"https:\/\/www.cog.inc\/enve\/product\/in-route-high-rise-stem\",\"url\":\"https:\/\/www.cog.inc\/enve\/product\/in-route-high-rise-stem\",\"name\":\"IN-ROUTE HIGH RISE STEM\u30a4\u30f3\u30eb\u30fc\u30c8 \u30cf\u30a4\u30e9\u30a4\u30ba \u30b9\u30c6\u30e0 | ENVE \u30a8\u30f3\u30f4\u30a3 \u65e5\u672c\u516c\u5f0f\u30b5\u30a4\u30c8 | \u30c0\u30a4\u30a2\u30c6\u30c3\u30af\",\"isPartOf\":{\"@id\":\"https:\/\/www.cog.inc\/enve\/#website\"},\"primaryImageOfPage\":{\"@id\":\"https:\/\/www.cog.inc\/enve\/product\/in-route-high-rise-stem#primaryimage\"},\"image\":{\"@id\":\"https:\/\/www.cog.inc\/enve\/product\/in-route-high-rise-stem#primaryimage\"},\"thumbnailUrl\":\"https:\/\/image.cog.inc\/enve\/wp-content\/uploads\/2024\/09\/High_rise_stem1.jpg\",\"datePublished\":\"2024-09-27T09:33:47+00:00\",\"dateModified\":\"2026-01-08T04:49:14+00:00\",\"breadcrumb\":{\"@id\":\"https:\/\/www.cog.inc\/enve\/product\/in-route-high-rise-stem#breadcrumb\"},\"inLanguage\":\"ja\",\"potentialAction\":[{\"@type\":\"ReadAction\",\"target\":[\"https:\/\/www.cog.inc\/enve\/product\/in-route-high-rise-stem\"]}]},{\"@type\":\"ImageObject\",\"inLanguage\":\"ja\",\"@id\":\"https:\/\/www.cog.inc\/enve\/product\/in-route-high-rise-stem#primaryimage\",\"url\":\"https:\/\/image.cog.inc\/enve\/wp-content\/uploads\/2024\/09\/High_rise_stem1.jpg\",\"contentUrl\":\"https:\/\/image.cog.inc\/enve\/wp-content\/uploads\/2024\/09\/High_rise_stem1.jpg\",\"width\":1800,\"height\":1012},{\"@type\":\"BreadcrumbList\",\"@id\":\"https:\/\/www.cog.inc\/enve\/product\/in-route-high-rise-stem#breadcrumb\",\"itemListElement\":[{\"@type\":\"ListItem\",\"position\":1,\"name\":\"HOME\",\"item\":\"https:\/\/www.cog.inc\/enve\/\"},{\"@type\":\"ListItem\",\"position\":2,\"name\":\"Shop\",\"item\":\"https:\/\/www.cog.inc\/enve\/shop-2\"},{\"@type\":\"ListItem\",\"position\":3,\"name\":\"COMPONENTS\",\"item\":\"https:\/\/www.cog.inc\/enve\/product-category\/components\"},{\"@type\":\"ListItem\",\"position\":4,\"name\":\"ROAD\",\"item\":\"https:\/\/www.cog.inc\/enve\/product-category\/components\/road-components\"},{\"@type\":\"ListItem\",\"position\":5,\"name\":\"STEMS\",\"item\":\"https:\/\/www.cog.inc\/enve\/product-category\/components\/road-components\/stems\"},{\"@type\":\"ListItem\",\"position\":6,\"name\":\"IN-ROUTE HIGH RISE STEM\u30a4\u30f3\u30eb\u30fc\u30c8 \u30cf\u30a4\u30e9\u30a4\u30ba \u30b9\u30c6\u30e0\"}]},{\"@type\":\"WebSite\",\"@id\":\"https:\/\/www.cog.inc\/enve\/#website\",\"url\":\"https:\/\/www.cog.inc\/enve\/\",\"name\":\"ENVE \u30a8\u30f3\u30f4\u30a3 \u65e5\u672c\u516c\u5f0f\u30b5\u30a4\u30c8 | \u30c0\u30a4\u30a2\u30c6\u30c3\u30af\",\"description\":\"\u4e16\u754c\u6700\u9ad8\u5cf0\u306e\u30d0\u30a4\u30b7\u30af\u30eb\u30ab\u30fc\u30dc\u30f3\u30db\u30a4\u30fc\u30eb\u30fb\u30b3\u30f3\u30dd\u30fc\u30cd\u30f3\u30c8\u3092\u751f\u307f\u51fa\u3059\u30e1\u30a4\u30c9\u30a4\u30f3USA\u3092\u8cab\u304f\u30ab\u30fc\u30dc\u30f3\u88fd\u54c1\u30d6\u30e9\u30f3\u30c9\u3002\",\"publisher\":{\"@id\":\"https:\/\/www.cog.inc\/enve\/#organization\"},\"potentialAction\":[{\"@type\":\"SearchAction\",\"target\":{\"@type\":\"EntryPoint\",\"urlTemplate\":\"https:\/\/www.cog.inc\/enve\/?s={search_term_string}\"},\"query-input\":{\"@type\":\"PropertyValueSpecification\",\"valueRequired\":true,\"valueName\":\"search_term_string\"}}],\"inLanguage\":\"ja\"},{\"@type\":\"Organization\",\"@id\":\"https:\/\/www.cog.inc\/enve\/#organization\",\"name\":\"ENVE\",\"url\":\"https:\/\/www.cog.inc\/enve\/\",\"logo\":{\"@type\":\"ImageObject\",\"inLanguage\":\"ja\",\"@id\":\"https:\/\/www.cog.inc\/enve\/#\/schema\/logo\/image\/\",\"url\":\"https:\/\/www.cog.inc\/enve\/wp-content\/uploads\/2021\/12\/enve-logo.png\",\"contentUrl\":\"https:\/\/www.cog.inc\/enve\/wp-content\/uploads\/2021\/12\/enve-logo.png\",\"width\":512,\"height\":512,\"caption\":\"ENVE\"},\"image\":{\"@id\":\"https:\/\/www.cog.inc\/enve\/#\/schema\/logo\/image\/\"}}]}<\/script>\n<!-- \/ Yoast SEO plugin. -->","yoast_head_json":{"title":"IN-ROUTE HIGH RISE STEM\u30a4\u30f3\u30eb\u30fc\u30c8 \u30cf\u30a4\u30e9\u30a4\u30ba \u30b9\u30c6\u30e0 | ENVE \u30a8\u30f3\u30f4\u30a3 \u65e5\u672c\u516c\u5f0f\u30b5\u30a4\u30c8 | \u30c0\u30a4\u30a2\u30c6\u30c3\u30af","robots":{"index":"index","follow":"follow","max-snippet":"max-snippet:-1","max-image-preview":"max-image-preview:large","max-video-preview":"max-video-preview:-1"},"canonical":"https:\/\/www.cog.inc\/enve\/product\/in-route-high-rise-stem","og_locale":"ja_JP","og_type":"article","og_title":"IN-ROUTE HIGH RISE STEM\u30a4\u30f3\u30eb\u30fc\u30c8 \u30cf\u30a4\u30e9\u30a4\u30ba \u30b9\u30c6\u30e0 | ENVE \u30a8\u30f3\u30f4\u30a3 \u65e5\u672c\u516c\u5f0f\u30b5\u30a4\u30c8 | \u30c0\u30a4\u30a2\u30c6\u30c3\u30af","og_description":"\u30a8\u30a2\u30ed\u30ed\u30fc\u30c9\u30b9\u30c6\u30e0\u306e\u3001IN-ROUTE SYSTEM\u5bfe\u5fdc\u30e2\u30c7\u30eb","og_url":"https:\/\/www.cog.inc\/enve\/product\/in-route-high-rise-stem","og_site_name":"ENVE \u30a8\u30f3\u30f4\u30a3 \u65e5\u672c\u516c\u5f0f\u30b5\u30a4\u30c8 | \u30c0\u30a4\u30a2\u30c6\u30c3\u30af","article_modified_time":"2026-01-08T04:49:14+00:00","og_image":[{"width":1800,"height":1012,"url":"https:\/\/image.cog.inc\/enve\/wp-content\/uploads\/2024\/09\/High_rise_stem1.jpg","type":"image\/jpeg"}],"twitter_card":"summary_large_image","twitter_misc":{"\u63a8\u5b9a\u8aad\u307f\u53d6\u308a\u6642\u9593":"1\u5206"},"schema":{"@context":"https:\/\/schema.org","@graph":[{"@type":"WebPage","@id":"https:\/\/www.cog.inc\/enve\/product\/in-route-high-rise-stem","url":"https:\/\/www.cog.inc\/enve\/product\/in-route-high-rise-stem","name":"IN-ROUTE HIGH RISE STEM\u30a4\u30f3\u30eb\u30fc\u30c8 \u30cf\u30a4\u30e9\u30a4\u30ba \u30b9\u30c6\u30e0 | ENVE \u30a8\u30f3\u30f4\u30a3 \u65e5\u672c\u516c\u5f0f\u30b5\u30a4\u30c8 | \u30c0\u30a4\u30a2\u30c6\u30c3\u30af","isPartOf":{"@id":"https:\/\/www.cog.inc\/enve\/#website"},"primaryImageOfPage":{"@id":"https:\/\/www.cog.inc\/enve\/product\/in-route-high-rise-stem#primaryimage"},"image":{"@id":"https:\/\/www.cog.inc\/enve\/product\/in-route-high-rise-stem#primaryimage"},"thumbnailUrl":"https:\/\/image.cog.inc\/enve\/wp-content\/uploads\/2024\/09\/High_rise_stem1.jpg","datePublished":"2024-09-27T09:33:47+00:00","dateModified":"2026-01-08T04:49:14+00:00","breadcrumb":{"@id":"https:\/\/www.cog.inc\/enve\/product\/in-route-high-rise-stem#breadcrumb"},"inLanguage":"ja","potentialAction":[{"@type":"ReadAction","target":["https:\/\/www.cog.inc\/enve\/product\/in-route-high-rise-stem"]}]},{"@type":"ImageObject","inLanguage":"ja","@id":"https:\/\/www.cog.inc\/enve\/product\/in-route-high-rise-stem#primaryimage","url":"https:\/\/image.cog.inc\/enve\/wp-content\/uploads\/2024\/09\/High_rise_stem1.jpg","contentUrl":"https:\/\/image.cog.inc\/enve\/wp-content\/uploads\/2024\/09\/High_rise_stem1.jpg","width":1800,"height":1012},{"@type":"BreadcrumbList","@id":"https:\/\/www.cog.inc\/enve\/product\/in-route-high-rise-stem#breadcrumb","itemListElement":[{"@type":"ListItem","position":1,"name":"HOME","item":"https:\/\/www.cog.inc\/enve\/"},{"@type":"ListItem","position":2,"name":"Shop","item":"https:\/\/www.cog.inc\/enve\/shop-2"},{"@type":"ListItem","position":3,"name":"COMPONENTS","item":"https:\/\/www.cog.inc\/enve\/product-category\/components"},{"@type":"ListItem","position":4,"name":"ROAD","item":"https:\/\/www.cog.inc\/enve\/product-category\/components\/road-components"},{"@type":"ListItem","position":5,"name":"STEMS","item":"https:\/\/www.cog.inc\/enve\/product-category\/components\/road-components\/stems"},{"@type":"ListItem","position":6,"name":"IN-ROUTE HIGH RISE STEM\u30a4\u30f3\u30eb\u30fc\u30c8 \u30cf\u30a4\u30e9\u30a4\u30ba \u30b9\u30c6\u30e0"}]},{"@type":"WebSite","@id":"https:\/\/www.cog.inc\/enve\/#website","url":"https:\/\/www.cog.inc\/enve\/","name":"ENVE \u30a8\u30f3\u30f4\u30a3 \u65e5\u672c\u516c\u5f0f\u30b5\u30a4\u30c8 | \u30c0\u30a4\u30a2\u30c6\u30c3\u30af","description":"\u4e16\u754c\u6700\u9ad8\u5cf0\u306e\u30d0\u30a4\u30b7\u30af\u30eb\u30ab\u30fc\u30dc\u30f3\u30db\u30a4\u30fc\u30eb\u30fb\u30b3\u30f3\u30dd\u30fc\u30cd\u30f3\u30c8\u3092\u751f\u307f\u51fa\u3059\u30e1\u30a4\u30c9\u30a4\u30f3USA\u3092\u8cab\u304f\u30ab\u30fc\u30dc\u30f3\u88fd\u54c1\u30d6\u30e9\u30f3\u30c9\u3002","publisher":{"@id":"https:\/\/www.cog.inc\/enve\/#organization"},"potentialAction":[{"@type":"SearchAction","target":{"@type":"EntryPoint","urlTemplate":"https:\/\/www.cog.inc\/enve\/?s={search_term_string}"},"query-input":{"@type":"PropertyValueSpecification","valueRequired":true,"valueName":"search_term_string"}}],"inLanguage":"ja"},{"@type":"Organization","@id":"https:\/\/www.cog.inc\/enve\/#organization","name":"ENVE","url":"https:\/\/www.cog.inc\/enve\/","logo":{"@type":"ImageObject","inLanguage":"ja","@id":"https:\/\/www.cog.inc\/enve\/#\/schema\/logo\/image\/","url":"https:\/\/www.cog.inc\/enve\/wp-content\/uploads\/2021\/12\/enve-logo.png","contentUrl":"https:\/\/www.cog.inc\/enve\/wp-content\/uploads\/2021\/12\/enve-logo.png","width":512,"height":512,"caption":"ENVE"},"image":{"@id":"https:\/\/www.cog.inc\/enve\/#\/schema\/logo\/image\/"}}]}},"_links":{"self":[{"href":"https:\/\/www.cog.inc\/enve\/wp-json\/wp\/v2\/product\/8074","targetHints":{"allow":["GET"]}}],"collection":[{"href":"https:\/\/www.cog.inc\/enve\/wp-json\/wp\/v2\/product"}],"about":[{"href":"https:\/\/www.cog.inc\/enve\/wp-json\/wp\/v2\/types\/product"}],"replies":[{"embeddable":true,"href":"https:\/\/www.cog.inc\/enve\/wp-json\/wp\/v2\/comments?post=8074"}],"wp:featuredmedia":[{"embeddable":true,"href":"https:\/\/www.cog.inc\/enve\/wp-json\/wp\/v2\/media\/8080"}],"wp:attachment":[{"href":"https:\/\/www.cog.inc\/enve\/wp-json\/wp\/v2\/media?parent=8074"}],"wp:term":[{"taxonomy":"product_brand","embeddable":true,"href":"https:\/\/www.cog.inc\/enve\/wp-json\/wp\/v2\/product_brand?post=8074"},{"taxonomy":"product_cat","embeddable":true,"href":"https:\/\/www.cog.inc\/enve\/wp-json\/wp\/v2\/product_cat?post=8074"},{"taxonomy":"product_tag","embeddable":true,"href":"https:\/\/www.cog.inc\/enve\/wp-json\/wp\/v2\/product_tag?post=8074"}],"curies":[{"name":"wp","href":"https:\/\/api.w.org\/{rel}","templated":true}]}}